{"id":120,"date":"2022-10-25T23:21:15","date_gmt":"2022-10-25T21:21:15","guid":{"rendered":"https:\/\/www.rubensinn.com\/allergenen\/"},"modified":"2025-03-30T22:31:23","modified_gmt":"2025-03-30T20:31:23","slug":"allergenes","status":"publish","type":"page","link":"https:\/\/www.rubensinn.com\/fr\/allergenes\/","title":{"rendered":"Allerg\u00e8nes"},"content":{"rendered":"\t\t<div data-elementor-type=\"wp-page\" data-elementor-id=\"120\" class=\"elementor elementor-120 elementor-74\">\n\t\t\t\t\t\t\t\t\t<section class=\"elementor-section elementor-top-section elementor-element elementor-element-d9767aa elementor-section-boxed elementor-section-height-default elementor-section-height-default\" data-id=\"d9767aa\" data-element_type=\"section\">\n\t\t\t\t\t\t<div class=\"elementor-container elementor-column-gap-default\">\n\t\t\t\t\t<div class=\"elementor-column elementor-col-100 elementor-top-column elementor-element elementor-element-9046d2f\" data-id=\"9046d2f\" data-element_type=\"column\" data-settings=\"{&quot;background_background&quot;:&quot;classic&quot;}\">\n\t\t\t<div class=\"elementor-widget-wrap elementor-element-populated\">\n\t\t\t\t\t\t\t\t<div class=\"elementor-element elementor-element-104beab elementor-widget elementor-widget-heading\" data-id=\"104beab\" data-element_type=\"widget\" data-widget_type=\"heading.default\">\n\t\t\t\t<div class=\"elementor-widget-container\">\n\t\t\t<style>\/*! elementor - v3.6.7 - 03-07-2022 *\/\n.elementor-heading-title{padding:0;margin:0;line-height:1}.elementor-widget-heading .elementor-heading-title[class*=elementor-size-]>a{color:inherit;font-size:inherit;line-height:inherit}.elementor-widget-heading .elementor-heading-title.elementor-size-small{font-size:15px}.elementor-widget-heading .elementor-heading-title.elementor-size-medium{font-size:19px}.elementor-widget-heading .elementor-heading-title.elementor-size-large{font-size:29px}.elementor-widget-heading .elementor-heading-title.elementor-size-xl{font-size:39px}.elementor-widget-heading .elementor-heading-title.elementor-size-xxl{font-size:59px}<\/style><h1 class=\"elementor-heading-title elementor-size-default\">Allerg\u00e8nes<\/h1>\t\t<\/div>\n\t\t\t\t<\/div>\n\t\t\t\t<div class=\"elementor-element elementor-element-9a7b703 elementor-widget elementor-widget-heading\" data-id=\"9a7b703\" data-element_type=\"widget\" data-widget_type=\"heading.default\">\n\t\t\t\t<div class=\"elementor-widget-container\">\n\t\t\t<h2 class=\"elementor-heading-title elementor-size-default\">Rubens Inn<\/h2>\t\t<\/div>\n\t\t\t\t<\/div>\n\t\t\t\t\t<\/div>\n\t\t<\/div>\n\t\t\t\t\t\t\t<\/div>\n\t\t<\/section>\n\t\t\t\t<section class=\"elementor-section elementor-top-section elementor-element elementor-element-dde5012 elementor-section-boxed elementor-section-height-default elementor-section-height-default\" data-id=\"dde5012\" data-element_type=\"section\">\n\t\t\t\t\t\t<div class=\"elementor-container elementor-column-gap-default\">\n\t\t\t\t\t<div class=\"elementor-column elementor-col-100 elementor-top-column elementor-element elementor-element-d9ac435\" data-id=\"d9ac435\" data-element_type=\"column\">\n\t\t\t<div class=\"elementor-widget-wrap elementor-element-populated\">\n\t\t\t\t\t\t\t\t<div class=\"elementor-element elementor-element-1b36703 elementor-widget elementor-widget-heading\" data-id=\"1b36703\" data-element_type=\"widget\" data-widget_type=\"heading.default\">\n\t\t\t\t<div class=\"elementor-widget-container\">\n\t\t\t<h3 class=\"elementor-heading-title elementor-size-default\">Quels allerg\u00e8nes?<\/h3>\t\t<\/div>\n\t\t\t\t<\/div>\n\t\t\t\t<div class=\"elementor-element elementor-element-b5b884e elementor-widget elementor-widget-text-editor\" data-id=\"b5b884e\" data-element_type=\"widget\" data-widget_type=\"text-editor.default\">\n\t\t\t\t<div class=\"elementor-widget-container\">\n\t\t\t<style>\/*! elementor - v3.6.7 - 03-07-2022 *\/\n.elementor-widget-text-editor.elementor-drop-cap-view-stacked .elementor-drop-cap{background-color:#818a91;color:#fff}.elementor-widget-text-editor.elementor-drop-cap-view-framed .elementor-drop-cap{color:#818a91;border:3px solid;background-color:transparent}.elementor-widget-text-editor:not(.elementor-drop-cap-view-default) .elementor-drop-cap{margin-top:8px}.elementor-widget-text-editor:not(.elementor-drop-cap-view-default) .elementor-drop-cap-letter{width:1em;height:1em}.elementor-widget-text-editor .elementor-drop-cap{float:left;text-align:center;line-height:1;font-size:50px}.elementor-widget-text-editor .elementor-drop-cap-letter{display:inline-block}<\/style>\t\t\t\t<p>Nos plats sont pr\u00e9par\u00e9s chaque jour avec le soin n\u00e9cessaire dans notre cuisine. Cependant, il peut arriver que lors de ces pr\u00e9parations, des ingr\u00e9dients entrent en contact avec d\u2019autres ingr\u00e9dients et\/ou allerg\u00e8nes. De plus, la composition de nos plats peut \u00e9galement changer \u00e0 tout moment.<\/p><p>Il existe plus de 10 allerg\u00e8nes diff\u00e9rents sur lesquels nous pouvons vous renseigner, tels que les c\u00e9r\u00e9ales contenant du gluten, les \u0153ufs, le poisson, les arachides, les fruits \u00e0 coque, le soja, le lait, dont le lactose, les crustac\u00e9s, les mollusques, le c\u00e9leri, la moutarde, les graines de s\u00e9same, les sulfites, lupins, etc. Nos employ\u00e9s du restaurant sont toujours \u00e0 votre service pour vous fournir plus d\u2019informations sur les valeurs nutritionnelles d\u2019un produit particulier.<\/p>\t\t\t\t\t\t<\/div>\n\t\t\t\t<\/div>\n\t\t\t\t<div class=\"elementor-element elementor-element-241d3b1 allergenen elementor-widget elementor-widget-text-editor\" data-id=\"241d3b1\" data-element_type=\"widget\" data-widget_type=\"text-editor.default\">\n\t\t\t\t<div class=\"elementor-widget-container\">\n\t\t\t\t\t\t\t<table><thead><tr><td><p><strong>Plat<\/strong><\/p><\/td><td><p><strong>Allerg\u00e8nes<\/strong><\/p><\/td><\/tr><\/thead><tbody><tr><td><p><strong>Petit-d\u00e9jeuner<\/strong><\/p><\/td><td>\u00a0<\/td><\/tr><tr><td><p><strong>Croissant<\/strong><\/p><\/td><td><p><strong>Gluten, Lait<\/strong><\/p><\/td><\/tr><tr><td><p><strong>Classique<\/strong><\/p><\/td><td><p><strong>Gluten, Lait, \u0152uf, Porc, Lactose<\/strong><\/p><\/td><\/tr><tr><td><p><strong>Deluxe<\/strong><\/p><\/td><td><p><strong>Gluten, Lait, \u0152uf, Alcool, Fruit, Lactose<\/strong><\/p><\/td><\/tr><tr><td><p><strong>Pancakes am\u00e9ricain (nature)<\/strong><\/p><\/td><td><p><strong>Gluten, Lait, \u0152uf<\/strong><\/p><\/td><\/tr><tr><td><p><strong>Pancakes am\u00e9ricain (banane\/noix)<\/strong><\/p><\/td><td><p><strong>Gluten, Lait, \u0152uf, Noix (noix)<\/strong><\/p><\/td><\/tr><tr><td><p><strong>Yaourt<\/strong><\/p><\/td><td><p><strong>Lait<\/strong><\/p><\/td><\/tr><tr><td><p><strong>Omelette nature<\/strong><\/p><\/td><td><p><strong>\u0152uf<\/strong><\/p><\/td><\/tr><tr><td><p><strong>Omelette avec bacon<\/strong><\/p><\/td><td><p><strong>\u0152uf, Porc (bacon)<\/strong><\/p><\/td><\/tr><tr><td><p><strong>Bouch\u00e9es<\/strong><\/p><\/td><td>\u00a0<\/td><\/tr><tr><td><p><strong>Houmous<\/strong><\/p><\/td><td><p><strong>S\u00e9same<\/strong><\/p><\/td><\/tr><tr><td><p><strong>Cubes de fromage<\/strong><\/p><\/td><td><p><strong>Lait<\/strong><\/p><\/td><\/tr><tr><td><p><strong>Fromage et salami<\/strong><\/p><\/td><td><p><strong>Lait, Porc (salami)<\/strong><\/p><\/td><\/tr><tr><td><p><strong>Olives<\/strong><\/p><\/td><td><p><strong>Aucun allerg\u00e8ne<\/strong><\/p><\/td><\/tr><tr><td><p><strong>Nem de poulet<\/strong><\/p><\/td><td><p><strong>Gluten, Soja<\/strong><\/p><\/td><\/tr><tr><td><p><strong>Bitterballen<\/strong><\/p><\/td><td><p><strong>Gluten, \u0152uf, Lait, Soja<\/strong><\/p><\/td><\/tr><tr><td><p><strong>Calamars<\/strong><\/p><\/td><td><p><strong>Gluten, Crustac\u00e9s<\/strong><\/p><\/td><\/tr><tr><td><p><strong>M\u00e9lange chaud<\/strong><\/p><\/td><td><p><strong>Gluten, \u0152uf, Lait, Soja, Crustac\u00e9s<\/strong><\/p><\/td><\/tr><tr><td><p><strong>Snacks<\/strong><\/p><\/td><td>\u00a0<\/td><\/tr><tr><td><p><strong>Soupe du jour<\/strong><\/p><\/td><td><p><strong>D\u00e9pend des ingr\u00e9dients (Gluten, Lait, Soja possible)<\/strong><\/p><\/td><\/tr><tr><td><p><strong>Sandwich Smos<\/strong><\/p><\/td><td><p><strong>Gluten, Lait, Porc<\/strong><\/p><\/td><\/tr><tr><td><p><strong>Toast saumon fum\u00e9<\/strong><\/p><\/td><td><p><strong>Gluten, Lait, Poisson<\/strong><\/p><\/td><\/tr><tr><td><p><strong>Panini poulet<\/strong><\/p><\/td><td><p><strong>Gluten, Lait, Poulet<\/strong><\/p><\/td><\/tr><tr><td><p><strong>Panini mozzarella<\/strong><\/p><\/td><td><p><strong>Gluten, Lait<\/strong><\/p><\/td><\/tr><tr><td><p><strong>Croque monsieur<\/strong><\/p><\/td><td><p><strong>Gluten, Lait, Porc<\/strong><\/p><\/td><\/tr><tr><td><p><strong>Croque madame<\/strong><\/p><\/td><td><p><strong>Gluten, Lait, \u0152uf, Porc<\/strong><\/p><\/td><\/tr><tr><td><p><strong>Croquettes de crevettes<\/strong><\/p><\/td><td><p><strong>Gluten, Crustac\u00e9s, \u0152uf, Lait<\/strong><\/p><\/td><\/tr><tr><td><p><strong>Croquettes de fromage<\/strong><\/p><\/td><td><p><strong>Gluten, Lait, \u0152uf<\/strong><\/p><\/td><\/tr><tr><td><p><strong>Plats principaux<\/strong><\/p><\/td><td>\u00a0<\/td><\/tr><tr><td><p><strong>Vol-au-vent au poulet fermier<\/strong><\/p><\/td><td><p><strong>Gluten, Lait, \u0152uf<\/strong><\/p><\/td><\/tr><tr><td><p><strong>Carbonade<\/strong><\/p><\/td><td><p><strong>Gluten, Lait<\/strong><\/p><\/td><\/tr><tr><td><p><strong>Steak &#8216;Belgian White-Blue&#8217;<\/strong><\/p><\/td><td><p><strong>Aucun allerg\u00e8ne<\/strong><\/p><\/td><\/tr><tr><td><p><strong>Tartare de b\u0153uf Piemontese<\/strong><\/p><\/td><td><p><strong>Aucun allerg\u00e8ne<\/strong><\/p><\/td><\/tr><tr><td><p><strong>C\u00f4tes de porc<\/strong><\/p><\/td><td><p><strong>Aucun allerg\u00e8ne<\/strong><\/p><\/td><\/tr><tr><td><p><strong>Filet de saumon grill\u00e9<\/strong><\/p><\/td><td><p><strong>Poisson<\/strong><\/p><\/td><\/tr><tr><td><p><strong>Sole meuni\u00e8re<\/strong><\/p><\/td><td><p><strong>Gluten, Poisson, Lait<\/strong><\/p><\/td><\/tr><tr><td><p><strong>Casserole de poisson<\/strong><\/p><\/td><td><p><strong>Poisson, Lait<\/strong><\/p><\/td><\/tr><tr><td><p><strong>Desserts<\/strong><\/p><\/td><td>\u00a0<\/td><\/tr><tr><td><p><strong>Gaufres<\/strong><\/p><\/td><td><p><strong>Gluten, Lait, \u0152uf<\/strong><\/p><\/td><\/tr><tr><td><p><strong>Cr\u00eapes<\/strong><\/p><\/td><td><p><strong>Gluten, Lait, \u0152uf<\/strong><\/p><\/td><\/tr><tr><td><p><strong>Tarte aux pommes<\/strong><\/p><\/td><td><p><strong>Gluten, Lait, \u0152uf<\/strong><\/p><\/td><\/tr><tr><td><p><strong>Tarte du jour<\/strong><\/p><\/td><td><p><strong>Gluten, Lait, \u0152uf<\/strong><\/p><\/td><\/tr><tr><td><p><strong>Moelleux avec glace \u00e0 la vanille<\/strong><\/p><\/td><td><p><strong>Gluten, Lait, \u0152uf<\/strong><\/p><\/td><\/tr><tr><td><p><strong>Glaces<\/strong><\/p><\/td><td><p><strong>Lait<\/strong><\/p><\/td><\/tr><\/tbody><\/table>\t\t\t\t\t\t<\/div>\n\t\t\t\t<\/div>\n\t\t\t\t\t<\/div>\n\t\t<\/div>\n\t\t\t\t\t\t\t<\/div>\n\t\t<\/section>\n\t\t\t\t<section class=\"elementor-section elementor-top-section elementor-element elementor-element-e7698aa elementor-section-boxed elementor-section-height-default elementor-section-height-default\" data-id=\"e7698aa\" data-element_type=\"section\">\n\t\t\t\t\t\t<div class=\"elementor-container elementor-column-gap-default\">\n\t\t\t\t\t<div class=\"elementor-column elementor-col-100 elementor-top-column elementor-element elementor-element-fcd2f11\" data-id=\"fcd2f11\" data-element_type=\"column\">\n\t\t\t<div class=\"elementor-widget-wrap elementor-element-populated\">\n\t\t\t\t\t\t\t\t<div class=\"elementor-element elementor-element-9222171 elementor-widget elementor-widget-heading\" data-id=\"9222171\" data-element_type=\"widget\" data-widget_type=\"heading.default\">\n\t\t\t\t<div class=\"elementor-widget-container\">\n\t\t\t<div class=\"elementor-heading-title elementor-size-default\">The Art of Food<\/div>\t\t<\/div>\n\t\t\t\t<\/div>\n\t\t\t\t<div class=\"elementor-element elementor-element-18e6b2e elementor-align-center elementor-mobile-align-justify elementor-widget__width-auto elementor-widget-mobile__width-inherit elementor-widget elementor-widget-button\" data-id=\"18e6b2e\" data-element_type=\"widget\" data-widget_type=\"button.default\">\n\t\t\t\t<div class=\"elementor-widget-container\">\n\t\t\t\t\t<div class=\"elementor-button-wrapper\">\n\t\t\t<a href=\"https:\/\/www.rubensinn.com\/fr\/menu\/\" class=\"elementor-button-link elementor-button elementor-size-sm\" role=\"button\">\n\t\t\t\t\t\t<span class=\"elementor-button-content-wrapper\">\n\t\t\t\t\t\t\t<span class=\"elementor-button-icon elementor-align-icon-left\">\n\t\t\t\t<i aria-hidden=\"true\" class=\"fas fa-chevron-left\"><\/i>\t\t\t<\/span>\n\t\t\t\t\t\t<span class=\"elementor-button-text\">Menu<\/span>\n\t\t<\/span>\n\t\t\t\t\t<\/a>\n\t\t<\/div>\n\t\t\t\t<\/div>\n\t\t\t\t<\/div>\n\t\t\t\t\t<\/div>\n\t\t<\/div>\n\t\t\t\t\t\t\t<\/div>\n\t\t<\/section>\n\t\t\t\t\t\t\t<\/div>\n\t\t","protected":false},"excerpt":{"rendered":"<p>Allerg\u00e8nes Rubens Inn Quels allerg\u00e8nes? Nos plats sont pr\u00e9par\u00e9s chaque jour avec le soin n\u00e9cessaire dans notre cuisine. Cependant, il peut arriver que lors de ces pr\u00e9parations, des ingr\u00e9dients entrent en contact avec d\u2019autres ingr\u00e9dients et\/ou allerg\u00e8nes. De plus, la composition de nos plats peut \u00e9galement changer \u00e0 tout moment. Il existe plus de 10 [&hellip;]<\/p>\n","protected":false},"author":1,"featured_media":0,"parent":0,"menu_order":4,"comment_status":"closed","ping_status":"closed","template":"","meta":[],"yoast_head":"<!-- This site is optimized with the Yoast SEO Premium plugin v18.5 (Yoast SEO v18.9) - https:\/\/yoast.com\/wordpress\/plugins\/seo\/ -->\n<title>Allerg\u00e8nes | Rubens Inn<\/title>\n<meta name=\"robots\" content=\"noindex, follow\" \/>\n<meta property=\"og:locale\" content=\"fr_FR\" \/>\n<meta property=\"og:type\" content=\"article\" \/>\n<meta property=\"og:title\" content=\"Allerg\u00e8nes\" \/>\n<meta property=\"og:description\" content=\"Allerg\u00e8nes Rubens Inn Quels allerg\u00e8nes? Nos plats sont pr\u00e9par\u00e9s chaque jour avec le soin n\u00e9cessaire dans notre cuisine. Cependant, il peut arriver que lors de ces pr\u00e9parations, des ingr\u00e9dients entrent en contact avec d\u2019autres ingr\u00e9dients et\/ou allerg\u00e8nes. De plus, la composition de nos plats peut \u00e9galement changer \u00e0 tout moment. Il existe plus de 10 [&hellip;]\" \/>\n<meta property=\"og:url\" content=\"https:\/\/www.rubensinn.com\/fr\/allergenes\/\" \/>\n<meta property=\"og:site_name\" content=\"Rubens Inn\" \/>\n<meta property=\"article:publisher\" content=\"https:\/\/www.facebook.com\/profile.php?id=100084839739275\" \/>\n<meta property=\"article:modified_time\" content=\"2025-03-30T20:31:23+00:00\" \/>\n<meta name=\"twitter:card\" content=\"summary_large_image\" \/>\n<script type=\"application\/ld+json\" class=\"yoast-schema-graph\">{\"@context\":\"https:\/\/schema.org\",\"@graph\":[{\"@type\":\"Organization\",\"@id\":\"https:\/\/www.rubensinn.com\/#organization\",\"name\":\"Rubens Inn\",\"url\":\"https:\/\/www.rubensinn.com\/\",\"sameAs\":[\"https:\/\/www.instagram.com\/rubens.inn.antwerp\/\",\"https:\/\/www.facebook.com\/profile.php?id=100084839739275\"],\"logo\":{\"@type\":\"ImageObject\",\"inLanguage\":\"fr-FR\",\"@id\":\"https:\/\/www.rubensinn.com\/#\/schema\/logo\/image\/\",\"url\":\"https:\/\/www.rubensinn.com\/wp-content\/uploads\/2022\/07\/rubensinn-logo-transparant-sunkist.png\",\"contentUrl\":\"https:\/\/www.rubensinn.com\/wp-content\/uploads\/2022\/07\/rubensinn-logo-transparant-sunkist.png\",\"width\":2740,\"height\":968,\"caption\":\"Rubens Inn\"},\"image\":{\"@id\":\"https:\/\/www.rubensinn.com\/#\/schema\/logo\/image\/\"}},{\"@type\":\"WebSite\",\"@id\":\"https:\/\/www.rubensinn.com\/#website\",\"url\":\"https:\/\/www.rubensinn.com\/\",\"name\":\"Rubens Inn\",\"description\":\"The Art Of Food\",\"publisher\":{\"@id\":\"https:\/\/www.rubensinn.com\/#organization\"},\"potentialAction\":[{\"@type\":\"SearchAction\",\"target\":{\"@type\":\"EntryPoint\",\"urlTemplate\":\"https:\/\/www.rubensinn.com\/?s={search_term_string}\"},\"query-input\":\"required name=search_term_string\"}],\"inLanguage\":\"fr-FR\"},{\"@type\":\"WebPage\",\"@id\":\"https:\/\/www.rubensinn.com\/fr\/allergenes\/#webpage\",\"url\":\"https:\/\/www.rubensinn.com\/fr\/allergenes\/\",\"name\":\"Allerg\u00e8nes | Rubens Inn\",\"isPartOf\":{\"@id\":\"https:\/\/www.rubensinn.com\/#website\"},\"datePublished\":\"2022-10-25T21:21:15+00:00\",\"dateModified\":\"2025-03-30T20:31:23+00:00\",\"breadcrumb\":{\"@id\":\"https:\/\/www.rubensinn.com\/fr\/allergenes\/#breadcrumb\"},\"inLanguage\":\"fr-FR\",\"potentialAction\":[{\"@type\":\"ReadAction\",\"target\":[\"https:\/\/www.rubensinn.com\/fr\/allergenes\/\"]}]},{\"@type\":\"BreadcrumbList\",\"@id\":\"https:\/\/www.rubensinn.com\/fr\/allergenes\/#breadcrumb\",\"itemListElement\":[{\"@type\":\"ListItem\",\"position\":1,\"name\":\"Home\",\"item\":\"https:\/\/www.rubensinn.com\/fr\/\"},{\"@type\":\"ListItem\",\"position\":2,\"name\":\"Allerg\u00e8nes\"}]}]}<\/script>\n<!-- \/ Yoast SEO Premium plugin. -->","yoast_head_json":{"title":"Allerg\u00e8nes | Rubens Inn","robots":{"index":"noindex","follow":"follow"},"og_locale":"fr_FR","og_type":"article","og_title":"Allerg\u00e8nes","og_description":"Allerg\u00e8nes Rubens Inn Quels allerg\u00e8nes? Nos plats sont pr\u00e9par\u00e9s chaque jour avec le soin n\u00e9cessaire dans notre cuisine. Cependant, il peut arriver que lors de ces pr\u00e9parations, des ingr\u00e9dients entrent en contact avec d\u2019autres ingr\u00e9dients et\/ou allerg\u00e8nes. De plus, la composition de nos plats peut \u00e9galement changer \u00e0 tout moment. Il existe plus de 10 [&hellip;]","og_url":"https:\/\/www.rubensinn.com\/fr\/allergenes\/","og_site_name":"Rubens Inn","article_publisher":"https:\/\/www.facebook.com\/profile.php?id=100084839739275","article_modified_time":"2025-03-30T20:31:23+00:00","twitter_card":"summary_large_image","schema":{"@context":"https:\/\/schema.org","@graph":[{"@type":"Organization","@id":"https:\/\/www.rubensinn.com\/#organization","name":"Rubens Inn","url":"https:\/\/www.rubensinn.com\/","sameAs":["https:\/\/www.instagram.com\/rubens.inn.antwerp\/","https:\/\/www.facebook.com\/profile.php?id=100084839739275"],"logo":{"@type":"ImageObject","inLanguage":"fr-FR","@id":"https:\/\/www.rubensinn.com\/#\/schema\/logo\/image\/","url":"https:\/\/www.rubensinn.com\/wp-content\/uploads\/2022\/07\/rubensinn-logo-transparant-sunkist.png","contentUrl":"https:\/\/www.rubensinn.com\/wp-content\/uploads\/2022\/07\/rubensinn-logo-transparant-sunkist.png","width":2740,"height":968,"caption":"Rubens Inn"},"image":{"@id":"https:\/\/www.rubensinn.com\/#\/schema\/logo\/image\/"}},{"@type":"WebSite","@id":"https:\/\/www.rubensinn.com\/#website","url":"https:\/\/www.rubensinn.com\/","name":"Rubens Inn","description":"The Art Of Food","publisher":{"@id":"https:\/\/www.rubensinn.com\/#organization"},"potentialAction":[{"@type":"SearchAction","target":{"@type":"EntryPoint","urlTemplate":"https:\/\/www.rubensinn.com\/?s={search_term_string}"},"query-input":"required name=search_term_string"}],"inLanguage":"fr-FR"},{"@type":"WebPage","@id":"https:\/\/www.rubensinn.com\/fr\/allergenes\/#webpage","url":"https:\/\/www.rubensinn.com\/fr\/allergenes\/","name":"Allerg\u00e8nes | Rubens Inn","isPartOf":{"@id":"https:\/\/www.rubensinn.com\/#website"},"datePublished":"2022-10-25T21:21:15+00:00","dateModified":"2025-03-30T20:31:23+00:00","breadcrumb":{"@id":"https:\/\/www.rubensinn.com\/fr\/allergenes\/#breadcrumb"},"inLanguage":"fr-FR","potentialAction":[{"@type":"ReadAction","target":["https:\/\/www.rubensinn.com\/fr\/allergenes\/"]}]},{"@type":"BreadcrumbList","@id":"https:\/\/www.rubensinn.com\/fr\/allergenes\/#breadcrumb","itemListElement":[{"@type":"ListItem","position":1,"name":"Home","item":"https:\/\/www.rubensinn.com\/fr\/"},{"@type":"ListItem","position":2,"name":"Allerg\u00e8nes"}]}]}},"_links":{"self":[{"href":"https:\/\/www.rubensinn.com\/fr\/wp-json\/wp\/v2\/pages\/120"}],"collection":[{"href":"https:\/\/www.rubensinn.com\/fr\/wp-json\/wp\/v2\/pages"}],"about":[{"href":"https:\/\/www.rubensinn.com\/fr\/wp-json\/wp\/v2\/types\/page"}],"author":[{"embeddable":true,"href":"https:\/\/www.rubensinn.com\/fr\/wp-json\/wp\/v2\/users\/1"}],"replies":[{"embeddable":true,"href":"https:\/\/www.rubensinn.com\/fr\/wp-json\/wp\/v2\/comments?post=120"}],"version-history":[{"count":5,"href":"https:\/\/www.rubensinn.com\/fr\/wp-json\/wp\/v2\/pages\/120\/revisions"}],"predecessor-version":[{"id":2736,"href":"https:\/\/www.rubensinn.com\/fr\/wp-json\/wp\/v2\/pages\/120\/revisions\/2736"}],"wp:attachment":[{"href":"https:\/\/www.rubensinn.com\/fr\/wp-json\/wp\/v2\/media?parent=120"}],"curies":[{"name":"wp","href":"https:\/\/api.w.org\/{rel}","templated":true}]}}